{"id":64009,"date":"2024-03-20T11:28:34","date_gmt":"2024-03-20T11:28:34","guid":{"rendered":"https:\/\/business.gkazas.com\/?page_id=64009"},"modified":"2024-03-20T12:55:25","modified_gmt":"2024-03-20T12:55:25","slug":"huile-dolive-de-grignons","status":"publish","type":"page","link":"https:\/\/business.gkazas.com\/fr\/huile-dolive-de-grignons\/","title":{"rendered":"Huile d&#8217;olive de grignons"},"content":{"rendered":"<p>Go\u00fbt doux avec un rapport qualit\u00e9-prix super comp\u00e9titif<\/p>\n","protected":false},"excerpt":{"rendered":"<p>Go\u00fbt doux avec un rapport qualit\u00e9-prix super comp\u00e9titif<\/p>\n","protected":false},"author":111,"featured_media":63839,"parent":0,"menu_order":0,"comment_status":"closed","ping_status":"closed","template":"","meta":{"_acf_changed":false,"footnotes":""},"class_list":["post-64009","page","type-page","status-publish","has-post-thumbnail","hentry"],"acf":[],"yoast_head":"<!-- This site is optimized with the Yoast SEO plugin v20.6 - https:\/\/yoast.com\/wordpress\/plugins\/seo\/ -->\n<title>Huile d&#039;olive de grignons - Gkazas<\/title>\n<meta name=\"robots\" content=\"index, follow, max-snippet:-1, max-image-preview:large, max-video-preview:-1\" \/>\n<link rel=\"canonical\" href=\"https:\/\/business.gkazas.com\/fr\/huile-dolive-de-grignons\/\" \/>\n<meta property=\"og:locale\" content=\"fr_FR\" \/>\n<meta property=\"og:type\" content=\"article\" \/>\n<meta property=\"og:title\" content=\"Huile d&#039;olive de grignons - Gkazas\" \/>\n<meta property=\"og:description\" content=\"Go\u00fbt doux avec un rapport qualit\u00e9-prix super comp\u00e9titif\" \/>\n<meta property=\"og:url\" content=\"https:\/\/business.gkazas.com\/fr\/huile-dolive-de-grignons\/\" \/>\n<meta property=\"og:site_name\" content=\"Gkazas\" \/>\n<meta property=\"article:modified_time\" content=\"2024-03-20T12:55:25+00:00\" \/>\n<meta property=\"og:image\" content=\"https:\/\/business.gkazas.com\/app\/uploads\/2024\/02\/pomace-olijfolie-header-gkazas-olijfolie.jpg\" \/>\n\t<meta property=\"og:image:width\" content=\"1200\" \/>\n\t<meta property=\"og:image:height\" content=\"800\" \/>\n\t<meta property=\"og:image:type\" content=\"image\/jpeg\" \/>\n<meta name=\"twitter:card\" content=\"summary_large_image\" \/>\n<meta name=\"twitter:label1\" content=\"Est. reading time\" \/>\n\t<meta name=\"twitter:data1\" content=\"1 minute\" \/>\n<script type=\"application\/ld+json\" class=\"yoast-schema-graph\">{\"@context\":\"https:\/\/schema.org\",\"@graph\":[{\"@type\":\"WebPage\",\"@id\":\"https:\/\/business.gkazas.com\/fr\/huile-dolive-de-grignons\/\",\"url\":\"https:\/\/business.gkazas.com\/fr\/huile-dolive-de-grignons\/\",\"name\":\"Huile d'olive de grignons - Gkazas\",\"isPartOf\":{\"@id\":\"https:\/\/business.gkazas.com\/fr\/#website\"},\"datePublished\":\"2024-03-20T11:28:34+00:00\",\"dateModified\":\"2024-03-20T12:55:25+00:00\",\"breadcrumb\":{\"@id\":\"https:\/\/business.gkazas.com\/fr\/huile-dolive-de-grignons\/#breadcrumb\"},\"inLanguage\":\"fr-FR\",\"potentialAction\":[{\"@type\":\"ReadAction\",\"target\":[\"https:\/\/business.gkazas.com\/fr\/huile-dolive-de-grignons\/\"]}]},{\"@type\":\"BreadcrumbList\",\"@id\":\"https:\/\/business.gkazas.com\/fr\/huile-dolive-de-grignons\/#breadcrumb\",\"itemListElement\":[{\"@type\":\"ListItem\",\"position\":1,\"name\":\"Home\",\"item\":\"https:\/\/business.gkazas.com\/fr\/\"},{\"@type\":\"ListItem\",\"position\":2,\"name\":\"Huile d&#8217;olive de grignons\"}]},{\"@type\":\"WebSite\",\"@id\":\"https:\/\/business.gkazas.com\/fr\/#website\",\"url\":\"https:\/\/business.gkazas.com\/fr\/\",\"name\":\"Gkazas\",\"description\":\"En nog een WordPress site\",\"potentialAction\":[{\"@type\":\"SearchAction\",\"target\":{\"@type\":\"EntryPoint\",\"urlTemplate\":\"https:\/\/business.gkazas.com\/fr\/?s={search_term_string}\"},\"query-input\":\"required name=search_term_string\"}],\"inLanguage\":\"fr-FR\"}]}<\/script>\n<!-- \/ Yoast SEO plugin. -->","yoast_head_json":{"title":"Huile d'olive de grignons - Gkazas","robots":{"index":"index","follow":"follow","max-snippet":"max-snippet:-1","max-image-preview":"max-image-preview:large","max-video-preview":"max-video-preview:-1"},"canonical":"https:\/\/business.gkazas.com\/fr\/huile-dolive-de-grignons\/","og_locale":"fr_FR","og_type":"article","og_title":"Huile d'olive de grignons - Gkazas","og_description":"Go\u00fbt doux avec un rapport qualit\u00e9-prix super comp\u00e9titif","og_url":"https:\/\/business.gkazas.com\/fr\/huile-dolive-de-grignons\/","og_site_name":"Gkazas","article_modified_time":"2024-03-20T12:55:25+00:00","og_image":[{"width":1200,"height":800,"url":"https:\/\/business.gkazas.com\/app\/uploads\/2024\/02\/pomace-olijfolie-header-gkazas-olijfolie.jpg","type":"image\/jpeg"}],"twitter_card":"summary_large_image","twitter_misc":{"Est. reading time":"1 minute"},"schema":{"@context":"https:\/\/schema.org","@graph":[{"@type":"WebPage","@id":"https:\/\/business.gkazas.com\/fr\/huile-dolive-de-grignons\/","url":"https:\/\/business.gkazas.com\/fr\/huile-dolive-de-grignons\/","name":"Huile d'olive de grignons - Gkazas","isPartOf":{"@id":"https:\/\/business.gkazas.com\/fr\/#website"},"datePublished":"2024-03-20T11:28:34+00:00","dateModified":"2024-03-20T12:55:25+00:00","breadcrumb":{"@id":"https:\/\/business.gkazas.com\/fr\/huile-dolive-de-grignons\/#breadcrumb"},"inLanguage":"fr-FR","potentialAction":[{"@type":"ReadAction","target":["https:\/\/business.gkazas.com\/fr\/huile-dolive-de-grignons\/"]}]},{"@type":"BreadcrumbList","@id":"https:\/\/business.gkazas.com\/fr\/huile-dolive-de-grignons\/#breadcrumb","itemListElement":[{"@type":"ListItem","position":1,"name":"Home","item":"https:\/\/business.gkazas.com\/fr\/"},{"@type":"ListItem","position":2,"name":"Huile d&#8217;olive de grignons"}]},{"@type":"WebSite","@id":"https:\/\/business.gkazas.com\/fr\/#website","url":"https:\/\/business.gkazas.com\/fr\/","name":"Gkazas","description":"En nog een WordPress site","potentialAction":[{"@type":"SearchAction","target":{"@type":"EntryPoint","urlTemplate":"https:\/\/business.gkazas.com\/fr\/?s={search_term_string}"},"query-input":"required name=search_term_string"}],"inLanguage":"fr-FR"}]}},"_links":{"self":[{"href":"https:\/\/business.gkazas.com\/fr\/wp-json\/wp\/v2\/pages\/64009","targetHints":{"allow":["GET"]}}],"collection":[{"href":"https:\/\/business.gkazas.com\/fr\/wp-json\/wp\/v2\/pages"}],"about":[{"href":"https:\/\/business.gkazas.com\/fr\/wp-json\/wp\/v2\/types\/page"}],"author":[{"embeddable":true,"href":"https:\/\/business.gkazas.com\/fr\/wp-json\/wp\/v2\/users\/111"}],"replies":[{"embeddable":true,"href":"https:\/\/business.gkazas.com\/fr\/wp-json\/wp\/v2\/comments?post=64009"}],"version-history":[{"count":19,"href":"https:\/\/business.gkazas.com\/fr\/wp-json\/wp\/v2\/pages\/64009\/revisions"}],"predecessor-version":[{"id":64013,"href":"https:\/\/business.gkazas.com\/fr\/wp-json\/wp\/v2\/pages\/64009\/revisions\/64013"}],"wp:featuredmedia":[{"embeddable":true,"href":"https:\/\/business.gkazas.com\/fr\/wp-json\/wp\/v2\/media\/63839"}],"wp:attachment":[{"href":"https:\/\/business.gkazas.com\/fr\/wp-json\/wp\/v2\/media?parent=64009"}],"curies":[{"name":"wp","href":"https:\/\/api.w.org\/{rel}","templated":true}]}}